{"id":6615,"date":"2025-02-20T20:13:03","date_gmt":"2025-02-20T23:13:03","guid":{"rendered":"https:\/\/mangueira.com.br\/site\/?page_id=6615"},"modified":"2025-02-21T13:05:24","modified_gmt":"2025-02-21T16:05:24","slug":"oficinas-carnavalescas-da-mangueira","status":"publish","type":"page","link":"https:\/\/mangueira.com.br\/site\/oficinas-carnavalescas-da-mangueira\/","title":{"rendered":"OFICINAS CARNAVALESCAS DA MANGUEIRA"},"content":{"rendered":"\t\t<div data-elementor-type=\"wp-page\" data-elementor-id=\"6615\" class=\"elementor elementor-6615\">\n\t\t\t\t\t\t<section class=\"elementor-section elementor-top-section elementor-element elementor-element-929fb80 ct-section-stretched elementor-section-content-top ct-columns-alignment-fix elementor-section-full_width elementor-section-height-default elementor-section-height-default\" data-id=\"929fb80\" data-element_type=\"section\">\n\t\t\t\t\t\t<div class=\"elementor-container elementor-column-gap-default\">\n\t\t\t\t\t<div class=\"elementor-column elementor-col-100 elementor-top-column elementor-element elementor-element-7ed69b9c\" data-id=\"7ed69b9c\" data-element_type=\"column\">\n\t\t\t<div class=\"elementor-widget-wrap elementor-element-populated\">\n\t\t\t\t\t\t<div class=\"elementor-element elementor-element-ec6868c elementor-widget elementor-widget-spacer\" data-id=\"ec6868c\" data-element_type=\"widget\" data-widget_type=\"spacer.default\">\n\t\t\t\t<div class=\"elementor-widget-container\">\n\t\t\t\t\t\t\t<div class=\"elementor-spacer\">\n\t\t\t<div class=\"elementor-spacer-inner\"><\/div>\n\t\t<\/div>\n\t\t\t\t\t\t<\/div>\n\t\t\t\t<\/div>\n\t\t\t\t\t<\/div>\n\t\t<\/div>\n\t\t\t\t\t<\/div>\n\t\t<\/section>\n\t\t\t\t<section class=\"elementor-section elementor-top-section elementor-element elementor-element-630e1de ct-section-stretched elementor-section-content-top ct-columns-alignment-fix elementor-section-boxed elementor-section-height-default elementor-section-height-default\" data-id=\"630e1de\" data-element_type=\"section\" data-settings=\"{&quot;background_background&quot;:&quot;classic&quot;}\">\n\t\t\t\t\t\t<div class=\"elementor-container elementor-column-gap-default\">\n\t\t\t\t\t<div class=\"elementor-column elementor-col-100 elementor-top-column elementor-element elementor-element-bf76614\" data-id=\"bf76614\" data-element_type=\"column\">\n\t\t\t<div class=\"elementor-widget-wrap elementor-element-populated\">\n\t\t\t\t\t\t<div class=\"elementor-element elementor-element-7a3adca elementor-widget elementor-widget-image\" data-id=\"7a3adca\" data-element_type=\"widget\" data-widget_type=\"image.default\">\n\t\t\t\t<div class=\"elementor-widget-container\">\n\t\t\t\t\t\t\t\t\t\t\t\t\t\t\t<img fetchpriority=\"high\" decoding=\"async\" width=\"225\" height=\"300\" src=\"https:\/\/mangueira.com.br\/site\/wp-content\/uploads\/2021\/03\/NOT_01-225x300.jpg\" class=\"attachment-medium size-medium wp-image-1676\" alt=\"\" srcset=\"https:\/\/mangueira.com.br\/site\/wp-content\/uploads\/2021\/03\/NOT_01-225x300.jpg 225w, https:\/\/mangueira.com.br\/site\/wp-content\/uploads\/2021\/03\/NOT_01.jpg 350w\" sizes=\"(max-width: 225px) 100vw, 225px\" \/>\t\t\t\t\t\t\t\t\t\t\t\t\t\t\t<\/div>\n\t\t\t\t<\/div>\n\t\t\t\t<div class=\"elementor-element elementor-element-b3049f6 elementor-widget elementor-widget-text-editor\" data-id=\"b3049f6\" data-element_type=\"widget\" data-widget_type=\"text-editor.default\">\n\t\t\t\t<div class=\"elementor-widget-container\">\n\t\t\t\t\t\t\t\t\t<p><strong>Projeto:<\/strong> Oficinas Carnavalescas da Mangueira<\/p><p>2024<\/p><ul><li>Emenda n\u00ba 44890009<\/li><li>Parlamentar: Washington Quaqu\u00e1<\/li><li>\u00d3rg\u00e3o concedente: Minist\u00e9rio da Cultura<\/li><li>Valor recebido: 1.500.000,00<\/li><li>Projeto: Implementar e desenvolver o Projeto &#8216;Oficinas Carnavalescas da Mangueira&#8217;, por meio de a\u00e7\u00f5es culturais e formativas voltadas ao segmento carnavalesco, no estado do Rio de Janeiro.<br \/><br \/><\/li><\/ul>\t\t\t\t\t\t\t\t<\/div>\n\t\t\t\t<\/div>\n\t\t\t\t<div class=\"elementor-element elementor-element-b876083 elementor-align-center elementor-widget elementor-widget-button\" data-id=\"b876083\" data-element_type=\"widget\" data-widget_type=\"button.default\">\n\t\t\t\t<div class=\"elementor-widget-container\">\n\t\t\t\t\t\t\t\t\t<div class=\"elementor-button-wrapper\">\n\t\t\t\t\t<a class=\"elementor-button elementor-button-link elementor-size-lg\" href=\"https:\/\/mangueira.com.br\/link\/download\/DO_emenda_2025.pdf\" target=\"_blank\">\n\t\t\t\t\t\t<span class=\"elementor-button-content-wrapper\">\n\t\t\t\t\t\t<span class=\"elementor-button-icon\">\n\t\t\t\t<i aria-hidden=\"true\" class=\"fas fa-file-download\"><\/i>\t\t\t<\/span>\n\t\t\t\t\t\t\t\t\t<span class=\"elementor-button-text\"> DO - Emenda 2025<\/span>\n\t\t\t\t\t<\/span>\n\t\t\t\t\t<\/a>\n\t\t\t\t<\/div>\n\t\t\t\t\t\t\t\t<\/div>\n\t\t\t\t<\/div>\n\t\t\t\t<div class=\"elementor-element elementor-element-e42243d elementor-align-center elementor-widget elementor-widget-button\" data-id=\"e42243d\" data-element_type=\"widget\" data-widget_type=\"button.default\">\n\t\t\t\t<div class=\"elementor-widget-container\">\n\t\t\t\t\t\t\t\t\t<div class=\"elementor-button-wrapper\">\n\t\t\t\t\t<a class=\"elementor-button elementor-button-link elementor-size-lg\" href=\"https:\/\/mangueira.com.br\/link\/download\/PDF%2001400.008929_2024-12_TERMO_DE_FOMENTO_2025.pdf\">\n\t\t\t\t\t\t<span class=\"elementor-button-content-wrapper\">\n\t\t\t\t\t\t<span class=\"elementor-button-icon\">\n\t\t\t\t<i aria-hidden=\"true\" class=\"fas fa-file-download\"><\/i>\t\t\t<\/span>\n\t\t\t\t\t\t\t\t\t<span class=\"elementor-button-text\">Termo de Fomento 2025<\/span>\n\t\t\t\t\t<\/span>\n\t\t\t\t\t<\/a>\n\t\t\t\t<\/div>\n\t\t\t\t\t\t\t\t<\/div>\n\t\t\t\t<\/div>\n\t\t\t\t<div class=\"elementor-element elementor-element-8b38b5c elementor-align-center elementor-widget elementor-widget-button\" data-id=\"8b38b5c\" data-element_type=\"widget\" data-widget_type=\"button.default\">\n\t\t\t\t<div class=\"elementor-widget-container\">\n\t\t\t\t\t\t\t\t\t<div class=\"elementor-button-wrapper\">\n\t\t\t\t\t<a class=\"elementor-button elementor-button-link elementor-size-lg\" href=\"https:\/\/mangueira.com.br\/link\/download\/Plano_de_Trabalho_-_Mangueira_-_MinC_2025_assinado.pdf\">\n\t\t\t\t\t\t<span class=\"elementor-button-content-wrapper\">\n\t\t\t\t\t\t<span class=\"elementor-button-icon\">\n\t\t\t\t<i aria-hidden=\"true\" class=\"fas fa-file-download\"><\/i>\t\t\t<\/span>\n\t\t\t\t\t\t\t\t\t<span class=\"elementor-button-text\">Plano de Trabalho<\/span>\n\t\t\t\t\t<\/span>\n\t\t\t\t\t<\/a>\n\t\t\t\t<\/div>\n\t\t\t\t\t\t\t\t<\/div>\n\t\t\t\t<\/div>\n\t\t\t\t<div class=\"elementor-element elementor-element-1d9883a elementor-align-center elementor-widget elementor-widget-button\" data-id=\"1d9883a\" data-element_type=\"widget\" data-widget_type=\"button.default\">\n\t\t\t\t<div class=\"elementor-widget-container\">\n\t\t\t\t\t\t\t\t\t<div class=\"elementor-button-wrapper\">\n\t\t\t\t\t<a class=\"elementor-button elementor-button-link elementor-size-lg\" href=\"https:\/\/mangueira.com.br\/link\/download\/Desembolso_Emenda_2025.xlsx\">\n\t\t\t\t\t\t<span class=\"elementor-button-content-wrapper\">\n\t\t\t\t\t\t<span class=\"elementor-button-icon\">\n\t\t\t\t<i aria-hidden=\"true\" class=\"fas fa-file-download\"><\/i>\t\t\t<\/span>\n\t\t\t\t\t\t\t\t\t<span class=\"elementor-button-text\">Desembolso<\/span>\n\t\t\t\t\t<\/span>\n\t\t\t\t\t<\/a>\n\t\t\t\t<\/div>\n\t\t\t\t\t\t\t\t<\/div>\n\t\t\t\t<\/div>\n\t\t\t\t<div class=\"elementor-element elementor-element-6491e7a elementor-align-center elementor-widget elementor-widget-button\" data-id=\"6491e7a\" data-element_type=\"widget\" data-widget_type=\"button.default\">\n\t\t\t\t<div class=\"elementor-widget-container\">\n\t\t\t\t\t\t\t\t\t<div class=\"elementor-button-wrapper\">\n\t\t\t\t\t<a class=\"elementor-button elementor-button-link elementor-size-lg\" href=\"https:\/\/mangueira.com.br\/link\/download\/Orcamento_Emenda_2025.xlsx\">\n\t\t\t\t\t\t<span class=\"elementor-button-content-wrapper\">\n\t\t\t\t\t\t<span class=\"elementor-button-icon\">\n\t\t\t\t<i aria-hidden=\"true\" class=\"fas fa-file-download\"><\/i>\t\t\t<\/span>\n\t\t\t\t\t\t\t\t\t<span class=\"elementor-button-text\">Or\u00e7amento<\/span>\n\t\t\t\t\t<\/span>\n\t\t\t\t\t<\/a>\n\t\t\t\t<\/div>\n\t\t\t\t\t\t\t\t<\/div>\n\t\t\t\t<\/div>\n\t\t\t\t\t<\/div>\n\t\t<\/div>\n\t\t\t\t\t<\/div>\n\t\t<\/section>\n\t\t\t\t<\/div>\n\t\t","protected":false},"excerpt":{"rendered":"<p>Projeto: Oficinas Carnavalescas da Mangueira 2024 Emenda n\u00ba 44890009 Parlamentar: Washington Quaqu\u00e1 \u00d3rg\u00e3o concedente: Minist\u00e9rio da Cultura Valor recebido: 1.500.000,00 Projeto: Implementar e desenvolver o Projeto &#8216;Oficinas Carnavalescas da Mangueira&#8217;, por meio de a\u00e7\u00f5es culturais e formativas voltadas ao segmento carnavalesco, no estado do Rio de Janeiro. DO &#8211; Emenda 2025 Termo de Fomento 2025 Plano de Trabalho Desembolso Or\u00e7amento<\/p>\n","protected":false},"author":1,"featured_media":0,"parent":0,"menu_order":0,"comment_status":"closed","ping_status":"closed","template":"","meta":{"footnotes":""},"class_list":["post-6615","page","type-page","status-publish","hentry"],"blocksy_meta":"","featured_image_urls":{"full":"","thumbnail":"","medium":"","medium_large":"","large":"","1536x1536":"","2048x2048":""},"post_excerpt_stackable":"<p>Projeto: Oficinas Carnavalescas da Mangueira2024Emenda n\u00ba 44890009Parlamentar: Washington Quaqu\u00e1\u00d3rg\u00e3o concedente: Minist\u00e9rio da CulturaValor recebido: 1.500.000,00Projeto: Implementar e desenvolver o Projeto &#8216;Oficinas Carnavalescas da Mangueira&#8217;, por meio de a\u00e7\u00f5es culturais e formativas voltadas ao segmento carnavalesco, no estado do Rio de Janeiro. DO &#8211; Emenda 2025 Termo de Fomento 2025 Plano de Trabalho Desembolso Or\u00e7amento<\/p>\n","category_list":"","author_info":{"name":"admin.mangueira","url":"https:\/\/mangueira.com.br\/site\/author\/admin-mangueira\/"},"comments_num":"0 coment\u00e1rio","yoast_head":"<!-- This site is optimized with the Yoast SEO plugin v26.7 - https:\/\/yoast.com\/wordpress\/plugins\/seo\/ -->\n<title>OFICINAS CARNAVALESCAS DA MANGUEIRA - Mangueira<\/title>\n<meta name=\"robots\" content=\"index, follow, max-snippet:-1, max-image-preview:large, max-video-preview:-1\" \/>\n<link rel=\"canonical\" href=\"https:\/\/mangueira.com.br\/site\/oficinas-carnavalescas-da-mangueira\/\" \/>\n<meta property=\"og:locale\" content=\"pt_BR\" \/>\n<meta property=\"og:type\" content=\"article\" \/>\n<meta property=\"og:title\" content=\"OFICINAS CARNAVALESCAS DA MANGUEIRA - Mangueira\" \/>\n<meta property=\"og:description\" content=\"Projeto: Oficinas Carnavalescas da Mangueira 2024 Emenda n\u00ba 44890009 Parlamentar: Washington Quaqu\u00e1 \u00d3rg\u00e3o concedente: Minist\u00e9rio da Cultura Valor recebido: 1.500.000,00 Projeto: Implementar e desenvolver o Projeto &#8216;Oficinas Carnavalescas da Mangueira&#8217;, por meio de a\u00e7\u00f5es culturais e formativas voltadas ao segmento carnavalesco, no estado do Rio de Janeiro. DO &#8211; Emenda 2025 Termo de Fomento 2025 Plano de Trabalho Desembolso Or\u00e7amento\" \/>\n<meta property=\"og:url\" content=\"https:\/\/mangueira.com.br\/site\/oficinas-carnavalescas-da-mangueira\/\" \/>\n<meta property=\"og:site_name\" content=\"Mangueira\" \/>\n<meta property=\"article:publisher\" content=\"https:\/\/facebook.com\/GRESEPMangueira\" \/>\n<meta property=\"article:modified_time\" content=\"2025-02-21T16:05:24+00:00\" \/>\n<meta property=\"og:image\" content=\"https:\/\/mangueira.com.br\/site\/wp-content\/uploads\/2021\/03\/NOT_01.jpg\" \/>\n\t<meta property=\"og:image:width\" content=\"350\" \/>\n\t<meta property=\"og:image:height\" content=\"466\" \/>\n\t<meta property=\"og:image:type\" content=\"image\/jpeg\" \/>\n<meta name=\"twitter:card\" content=\"summary_large_image\" \/>\n<meta name=\"twitter:site\" content=\"@gresmangueira\" \/>\n<script type=\"application\/ld+json\" class=\"yoast-schema-graph\">{\"@context\":\"https:\/\/schema.org\",\"@graph\":[{\"@type\":\"WebPage\",\"@id\":\"https:\/\/mangueira.com.br\/site\/oficinas-carnavalescas-da-mangueira\/\",\"url\":\"https:\/\/mangueira.com.br\/site\/oficinas-carnavalescas-da-mangueira\/\",\"name\":\"OFICINAS CARNAVALESCAS DA MANGUEIRA - Mangueira\",\"isPartOf\":{\"@id\":\"https:\/\/mangueira.com.br\/site\/#website\"},\"primaryImageOfPage\":{\"@id\":\"https:\/\/mangueira.com.br\/site\/oficinas-carnavalescas-da-mangueira\/#primaryimage\"},\"image\":{\"@id\":\"https:\/\/mangueira.com.br\/site\/oficinas-carnavalescas-da-mangueira\/#primaryimage\"},\"thumbnailUrl\":\"https:\/\/mangueira.com.br\/site\/wp-content\/uploads\/2021\/03\/NOT_01-225x300.jpg\",\"datePublished\":\"2025-02-20T23:13:03+00:00\",\"dateModified\":\"2025-02-21T16:05:24+00:00\",\"breadcrumb\":{\"@id\":\"https:\/\/mangueira.com.br\/site\/oficinas-carnavalescas-da-mangueira\/#breadcrumb\"},\"inLanguage\":\"pt-BR\",\"potentialAction\":[{\"@type\":\"ReadAction\",\"target\":[\"https:\/\/mangueira.com.br\/site\/oficinas-carnavalescas-da-mangueira\/\"]}]},{\"@type\":\"ImageObject\",\"inLanguage\":\"pt-BR\",\"@id\":\"https:\/\/mangueira.com.br\/site\/oficinas-carnavalescas-da-mangueira\/#primaryimage\",\"url\":\"https:\/\/mangueira.com.br\/site\/wp-content\/uploads\/2021\/03\/NOT_01.jpg\",\"contentUrl\":\"https:\/\/mangueira.com.br\/site\/wp-content\/uploads\/2021\/03\/NOT_01.jpg\",\"width\":350,\"height\":466},{\"@type\":\"BreadcrumbList\",\"@id\":\"https:\/\/mangueira.com.br\/site\/oficinas-carnavalescas-da-mangueira\/#breadcrumb\",\"itemListElement\":[{\"@type\":\"ListItem\",\"position\":1,\"name\":\"In\u00edcio\",\"item\":\"https:\/\/mangueira.com.br\/site\/\"},{\"@type\":\"ListItem\",\"position\":2,\"name\":\"OFICINAS CARNAVALESCAS DA MANGUEIRA\"}]},{\"@type\":\"WebSite\",\"@id\":\"https:\/\/mangueira.com.br\/site\/#website\",\"url\":\"https:\/\/mangueira.com.br\/site\/\",\"name\":\"Mangueira\",\"description\":\"A Maior Escola de Samba do Planeta\",\"publisher\":{\"@id\":\"https:\/\/mangueira.com.br\/site\/#organization\"},\"potentialAction\":[{\"@type\":\"SearchAction\",\"target\":{\"@type\":\"EntryPoint\",\"urlTemplate\":\"https:\/\/mangueira.com.br\/site\/?s={search_term_string}\"},\"query-input\":{\"@type\":\"PropertyValueSpecification\",\"valueRequired\":true,\"valueName\":\"search_term_string\"}}],\"inLanguage\":\"pt-BR\"},{\"@type\":\"Organization\",\"@id\":\"https:\/\/mangueira.com.br\/site\/#organization\",\"name\":\"Mangueira\",\"url\":\"https:\/\/mangueira.com.br\/site\/\",\"logo\":{\"@type\":\"ImageObject\",\"inLanguage\":\"pt-BR\",\"@id\":\"https:\/\/mangueira.com.br\/site\/#\/schema\/logo\/image\/\",\"url\":\"https:\/\/mangueira.com.br\/site\/wp-content\/uploads\/2021\/03\/mangueira-logo-BrancoBrancoPeq-1.png\",\"contentUrl\":\"https:\/\/mangueira.com.br\/site\/wp-content\/uploads\/2021\/03\/mangueira-logo-BrancoBrancoPeq-1.png\",\"width\":350,\"height\":415,\"caption\":\"Mangueira\"},\"image\":{\"@id\":\"https:\/\/mangueira.com.br\/site\/#\/schema\/logo\/image\/\"},\"sameAs\":[\"https:\/\/facebook.com\/GRESEPMangueira\",\"https:\/\/x.com\/gresmangueira\",\"https:\/\/www.instagram.com\/mangueira_oficial\",\"https:\/\/www.youtube.com\/c\/estacaoprimeirademangueira\"]}]}<\/script>\n<!-- \/ Yoast SEO plugin. -->","yoast_head_json":{"title":"OFICINAS CARNAVALESCAS DA MANGUEIRA - Mangueira","robots":{"index":"index","follow":"follow","max-snippet":"max-snippet:-1","max-image-preview":"max-image-preview:large","max-video-preview":"max-video-preview:-1"},"canonical":"https:\/\/mangueira.com.br\/site\/oficinas-carnavalescas-da-mangueira\/","og_locale":"pt_BR","og_type":"article","og_title":"OFICINAS CARNAVALESCAS DA MANGUEIRA - Mangueira","og_description":"Projeto: Oficinas Carnavalescas da Mangueira 2024 Emenda n\u00ba 44890009 Parlamentar: Washington Quaqu\u00e1 \u00d3rg\u00e3o concedente: Minist\u00e9rio da Cultura Valor recebido: 1.500.000,00 Projeto: Implementar e desenvolver o Projeto &#8216;Oficinas Carnavalescas da Mangueira&#8217;, por meio de a\u00e7\u00f5es culturais e formativas voltadas ao segmento carnavalesco, no estado do Rio de Janeiro. DO &#8211; Emenda 2025 Termo de Fomento 2025 Plano de Trabalho Desembolso Or\u00e7amento","og_url":"https:\/\/mangueira.com.br\/site\/oficinas-carnavalescas-da-mangueira\/","og_site_name":"Mangueira","article_publisher":"https:\/\/facebook.com\/GRESEPMangueira","article_modified_time":"2025-02-21T16:05:24+00:00","og_image":[{"width":350,"height":466,"url":"https:\/\/mangueira.com.br\/site\/wp-content\/uploads\/2021\/03\/NOT_01.jpg","type":"image\/jpeg"}],"twitter_card":"summary_large_image","twitter_site":"@gresmangueira","schema":{"@context":"https:\/\/schema.org","@graph":[{"@type":"WebPage","@id":"https:\/\/mangueira.com.br\/site\/oficinas-carnavalescas-da-mangueira\/","url":"https:\/\/mangueira.com.br\/site\/oficinas-carnavalescas-da-mangueira\/","name":"OFICINAS CARNAVALESCAS DA MANGUEIRA - Mangueira","isPartOf":{"@id":"https:\/\/mangueira.com.br\/site\/#website"},"primaryImageOfPage":{"@id":"https:\/\/mangueira.com.br\/site\/oficinas-carnavalescas-da-mangueira\/#primaryimage"},"image":{"@id":"https:\/\/mangueira.com.br\/site\/oficinas-carnavalescas-da-mangueira\/#primaryimage"},"thumbnailUrl":"https:\/\/mangueira.com.br\/site\/wp-content\/uploads\/2021\/03\/NOT_01-225x300.jpg","datePublished":"2025-02-20T23:13:03+00:00","dateModified":"2025-02-21T16:05:24+00:00","breadcrumb":{"@id":"https:\/\/mangueira.com.br\/site\/oficinas-carnavalescas-da-mangueira\/#breadcrumb"},"inLanguage":"pt-BR","potentialAction":[{"@type":"ReadAction","target":["https:\/\/mangueira.com.br\/site\/oficinas-carnavalescas-da-mangueira\/"]}]},{"@type":"ImageObject","inLanguage":"pt-BR","@id":"https:\/\/mangueira.com.br\/site\/oficinas-carnavalescas-da-mangueira\/#primaryimage","url":"https:\/\/mangueira.com.br\/site\/wp-content\/uploads\/2021\/03\/NOT_01.jpg","contentUrl":"https:\/\/mangueira.com.br\/site\/wp-content\/uploads\/2021\/03\/NOT_01.jpg","width":350,"height":466},{"@type":"BreadcrumbList","@id":"https:\/\/mangueira.com.br\/site\/oficinas-carnavalescas-da-mangueira\/#breadcrumb","itemListElement":[{"@type":"ListItem","position":1,"name":"In\u00edcio","item":"https:\/\/mangueira.com.br\/site\/"},{"@type":"ListItem","position":2,"name":"OFICINAS CARNAVALESCAS DA MANGUEIRA"}]},{"@type":"WebSite","@id":"https:\/\/mangueira.com.br\/site\/#website","url":"https:\/\/mangueira.com.br\/site\/","name":"Mangueira","description":"A Maior Escola de Samba do Planeta","publisher":{"@id":"https:\/\/mangueira.com.br\/site\/#organization"},"potentialAction":[{"@type":"SearchAction","target":{"@type":"EntryPoint","urlTemplate":"https:\/\/mangueira.com.br\/site\/?s={search_term_string}"},"query-input":{"@type":"PropertyValueSpecification","valueRequired":true,"valueName":"search_term_string"}}],"inLanguage":"pt-BR"},{"@type":"Organization","@id":"https:\/\/mangueira.com.br\/site\/#organization","name":"Mangueira","url":"https:\/\/mangueira.com.br\/site\/","logo":{"@type":"ImageObject","inLanguage":"pt-BR","@id":"https:\/\/mangueira.com.br\/site\/#\/schema\/logo\/image\/","url":"https:\/\/mangueira.com.br\/site\/wp-content\/uploads\/2021\/03\/mangueira-logo-BrancoBrancoPeq-1.png","contentUrl":"https:\/\/mangueira.com.br\/site\/wp-content\/uploads\/2021\/03\/mangueira-logo-BrancoBrancoPeq-1.png","width":350,"height":415,"caption":"Mangueira"},"image":{"@id":"https:\/\/mangueira.com.br\/site\/#\/schema\/logo\/image\/"},"sameAs":["https:\/\/facebook.com\/GRESEPMangueira","https:\/\/x.com\/gresmangueira","https:\/\/www.instagram.com\/mangueira_oficial","https:\/\/www.youtube.com\/c\/estacaoprimeirademangueira"]}]}},"uagb_featured_image_src":{"full":false,"thumbnail":false,"medium":false,"medium_large":false,"large":false,"1536x1536":false,"2048x2048":false},"uagb_author_info":{"display_name":"admin.mangueira","author_link":"https:\/\/mangueira.com.br\/site\/author\/admin-mangueira\/"},"uagb_comment_info":0,"uagb_excerpt":"Projeto: Oficinas Carnavalescas da Mangueira 2024 Emenda n\u00ba 44890009 Parlamentar: Washington Quaqu\u00e1 \u00d3rg\u00e3o concedente: Minist\u00e9rio da Cultura Valor recebido: 1.500.000,00 Projeto: Implementar e desenvolver o Projeto &#8216;Oficinas Carnavalescas da Mangueira&#8217;, por meio de a\u00e7\u00f5es culturais e formativas voltadas ao segmento carnavalesco, no estado do Rio de Janeiro. DO &#8211; Emenda 2025 Termo de Fomento 2025&hellip;","_links":{"self":[{"href":"https:\/\/mangueira.com.br\/site\/wp-json\/wp\/v2\/pages\/6615","targetHints":{"allow":["GET"]}}],"collection":[{"href":"https:\/\/mangueira.com.br\/site\/wp-json\/wp\/v2\/pages"}],"about":[{"href":"https:\/\/mangueira.com.br\/site\/wp-json\/wp\/v2\/types\/page"}],"author":[{"embeddable":true,"href":"https:\/\/mangueira.com.br\/site\/wp-json\/wp\/v2\/users\/1"}],"replies":[{"embeddable":true,"href":"https:\/\/mangueira.com.br\/site\/wp-json\/wp\/v2\/comments?post=6615"}],"version-history":[{"count":10,"href":"https:\/\/mangueira.com.br\/site\/wp-json\/wp\/v2\/pages\/6615\/revisions"}],"predecessor-version":[{"id":6626,"href":"https:\/\/mangueira.com.br\/site\/wp-json\/wp\/v2\/pages\/6615\/revisions\/6626"}],"wp:attachment":[{"href":"https:\/\/mangueira.com.br\/site\/wp-json\/wp\/v2\/media?parent=6615"}],"curies":[{"name":"wp","href":"https:\/\/api.w.org\/{rel}","templated":true}]}}