{"id":6459,"date":"2024-12-26T23:51:05","date_gmt":"2024-12-27T01:51:05","guid":{"rendered":"https:\/\/mangueira.com.br\/site\/?page_id=6459"},"modified":"2024-12-27T00:21:45","modified_gmt":"2024-12-27T02:21:45","slug":"transparencia-publica","status":"publish","type":"page","link":"https:\/\/mangueira.com.br\/site\/transparencia-publica\/","title":{"rendered":"TRANSPAR\u00caNCIA P\u00daBLICA"},"content":{"rendered":"\t\t<div data-elementor-type=\"wp-page\" data-elementor-id=\"6459\" class=\"elementor elementor-6459\">\n\t\t\t\t\t\t<section class=\"elementor-section elementor-top-section elementor-element elementor-element-929fb80 ct-section-stretched elementor-section-content-top ct-columns-alignment-fix elementor-section-full_width elementor-section-height-default elementor-section-height-default\" data-id=\"929fb80\" data-element_type=\"section\">\n\t\t\t\t\t\t<div class=\"elementor-container elementor-column-gap-default\">\n\t\t\t\t\t<div class=\"elementor-column elementor-col-100 elementor-top-column elementor-element elementor-element-7ed69b9c\" data-id=\"7ed69b9c\" data-element_type=\"column\">\n\t\t\t<div class=\"elementor-widget-wrap elementor-element-populated\">\n\t\t\t\t\t\t<div class=\"elementor-element elementor-element-ec6868c elementor-widget elementor-widget-spacer\" data-id=\"ec6868c\" data-element_type=\"widget\" data-widget_type=\"spacer.default\">\n\t\t\t\t<div class=\"elementor-widget-container\">\n\t\t\t\t\t\t\t<div class=\"elementor-spacer\">\n\t\t\t<div class=\"elementor-spacer-inner\"><\/div>\n\t\t<\/div>\n\t\t\t\t\t\t<\/div>\n\t\t\t\t<\/div>\n\t\t\t\t\t<\/div>\n\t\t<\/div>\n\t\t\t\t\t<\/div>\n\t\t<\/section>\n\t\t\t\t<section class=\"elementor-section elementor-top-section elementor-element elementor-element-630e1de ct-section-stretched elementor-section-content-top ct-columns-alignment-fix elementor-section-boxed elementor-section-height-default elementor-section-height-default\" data-id=\"630e1de\" data-element_type=\"section\" data-settings=\"{&quot;background_background&quot;:&quot;classic&quot;}\">\n\t\t\t\t\t\t<div class=\"elementor-container elementor-column-gap-default\">\n\t\t\t\t\t<div class=\"elementor-column elementor-col-100 elementor-top-column elementor-element elementor-element-bf76614\" data-id=\"bf76614\" data-element_type=\"column\">\n\t\t\t<div class=\"elementor-widget-wrap elementor-element-populated\">\n\t\t\t\t\t\t<div class=\"elementor-element elementor-element-7a3adca elementor-widget elementor-widget-image\" data-id=\"7a3adca\" data-element_type=\"widget\" data-widget_type=\"image.default\">\n\t\t\t\t<div class=\"elementor-widget-container\">\n\t\t\t\t\t\t\t\t\t\t\t\t\t\t\t<img fetchpriority=\"high\" decoding=\"async\" width=\"225\" height=\"300\" src=\"https:\/\/mangueira.com.br\/site\/wp-content\/uploads\/2021\/03\/NOT_01-225x300.jpg\" class=\"attachment-medium size-medium wp-image-1676\" alt=\"\" srcset=\"https:\/\/mangueira.com.br\/site\/wp-content\/uploads\/2021\/03\/NOT_01-225x300.jpg 225w, https:\/\/mangueira.com.br\/site\/wp-content\/uploads\/2021\/03\/NOT_01.jpg 350w\" sizes=\"(max-width: 225px) 100vw, 225px\" \/>\t\t\t\t\t\t\t\t\t\t\t\t\t\t\t<\/div>\n\t\t\t\t<\/div>\n\t\t\t\t<div class=\"elementor-element elementor-element-b3049f6 elementor-widget elementor-widget-text-editor\" data-id=\"b3049f6\" data-element_type=\"widget\" data-widget_type=\"text-editor.default\">\n\t\t\t\t<div class=\"elementor-widget-container\">\n\t\t\t\t\t\t\t\t\t<p><b>Transpar\u00eancia P\u00fablica<\/b><\/p><p>Respeitando o princ\u00edpio da transpar\u00eancia, o GREMIO REC ESC DE SAMBA ESTACAO PRIMEIRA DE MANGUEIRA disponibiliza aqui seus relat\u00f3rios anuais de atividades e de contas, al\u00e9m dos dados de suas parcerias com os poderes p\u00fablicos (via editais ou emendas parlamentares) e empresas privadas.<\/p><p>Clique nos bot\u00f5es abaixo para ter acesso aos conte\u00fados.<\/p>\t\t\t\t\t\t\t\t<\/div>\n\t\t\t\t<\/div>\n\t\t\t\t<div class=\"elementor-element elementor-element-b876083 elementor-align-center elementor-widget elementor-widget-button\" data-id=\"b876083\" data-element_type=\"widget\" data-widget_type=\"button.default\">\n\t\t\t\t<div class=\"elementor-widget-container\">\n\t\t\t\t\t\t\t\t\t<div class=\"elementor-button-wrapper\">\n\t\t\t\t\t<a class=\"elementor-button elementor-button-link elementor-size-lg\" href=\"https:\/\/versalic.cultura.gov.br\/#\/proponentes\/4ef62b85c81a5defbfedcf057af7f72fd5631badd8370134446fa119e1fe\" target=\"_blank\">\n\t\t\t\t\t\t<span class=\"elementor-button-content-wrapper\">\n\t\t\t\t\t\t<span class=\"elementor-button-icon\">\n\t\t\t\t<i aria-hidden=\"true\" class=\"fas fa-external-link-alt\"><\/i>\t\t\t<\/span>\n\t\t\t\t\t\t\t\t\t<span class=\"elementor-button-text\">Versalic - Cultura<\/span>\n\t\t\t\t\t<\/span>\n\t\t\t\t\t<\/a>\n\t\t\t\t<\/div>\n\t\t\t\t\t\t\t\t<\/div>\n\t\t\t\t<\/div>\n\t\t\t\t<div class=\"elementor-element elementor-element-e42243d elementor-align-center elementor-widget elementor-widget-button\" data-id=\"e42243d\" data-element_type=\"widget\" data-widget_type=\"button.default\">\n\t\t\t\t<div class=\"elementor-widget-container\">\n\t\t\t\t\t\t\t\t\t<div class=\"elementor-button-wrapper\">\n\t\t\t\t\t<a class=\"elementor-button elementor-button-link elementor-size-lg\" href=\"https:\/\/portaldatransparencia.gov.br\/busca\/pessoa-juridica\/30029219000184-gremio-rec-esc-de-samba-estacao-primeira-de-mangueira\">\n\t\t\t\t\t\t<span class=\"elementor-button-content-wrapper\">\n\t\t\t\t\t\t<span class=\"elementor-button-icon\">\n\t\t\t\t<i aria-hidden=\"true\" class=\"fas fa-external-link-alt\"><\/i>\t\t\t<\/span>\n\t\t\t\t\t\t\t\t\t<span class=\"elementor-button-text\">Portal da Transpar\u00eancia<\/span>\n\t\t\t\t\t<\/span>\n\t\t\t\t\t<\/a>\n\t\t\t\t<\/div>\n\t\t\t\t\t\t\t\t<\/div>\n\t\t\t\t<\/div>\n\t\t\t\t<div class=\"elementor-element elementor-element-8b38b5c elementor-align-center elementor-widget elementor-widget-button\" data-id=\"8b38b5c\" data-element_type=\"widget\" data-widget_type=\"button.default\">\n\t\t\t\t<div class=\"elementor-widget-container\">\n\t\t\t\t\t\t\t\t\t<div class=\"elementor-button-wrapper\">\n\t\t\t\t\t<a class=\"elementor-button elementor-button-link elementor-size-lg\" href=\"https:\/\/transfere.transferegov.sistema.gov.br\/habilitacao\/detalha-entidade.html?cnpj=30029219000184&#038;Usr=guest&#038;Pwd=guest\">\n\t\t\t\t\t\t<span class=\"elementor-button-content-wrapper\">\n\t\t\t\t\t\t<span class=\"elementor-button-icon\">\n\t\t\t\t<i aria-hidden=\"true\" class=\"fas fa-external-link-alt\"><\/i>\t\t\t<\/span>\n\t\t\t\t\t\t\t\t\t<span class=\"elementor-button-text\">TransfereGov<\/span>\n\t\t\t\t\t<\/span>\n\t\t\t\t\t<\/a>\n\t\t\t\t<\/div>\n\t\t\t\t\t\t\t\t<\/div>\n\t\t\t\t<\/div>\n\t\t\t\t\t<\/div>\n\t\t<\/div>\n\t\t\t\t\t<\/div>\n\t\t<\/section>\n\t\t\t\t<\/div>\n\t\t","protected":false},"excerpt":{"rendered":"<p>Transpar\u00eancia P\u00fablica Respeitando o princ\u00edpio da transpar\u00eancia, o GREMIO REC ESC DE SAMBA ESTACAO PRIMEIRA DE MANGUEIRA disponibiliza aqui seus relat\u00f3rios anuais de atividades e de contas, al\u00e9m dos dados de suas parcerias com os poderes p\u00fablicos (via editais ou emendas parlamentares) e empresas privadas. Clique nos bot\u00f5es abaixo para ter acesso aos conte\u00fados. Versalic &#8211; Cultura Portal da Transpar\u00eancia TransfereGov<\/p>\n","protected":false},"author":1,"featured_media":0,"parent":0,"menu_order":0,"comment_status":"closed","ping_status":"closed","template":"","meta":{"footnotes":""},"class_list":["post-6459","page","type-page","status-publish","hentry"],"blocksy_meta":"","featured_image_urls":{"full":"","thumbnail":"","medium":"","medium_large":"","large":"","1536x1536":"","2048x2048":""},"post_excerpt_stackable":"<p>Transpar\u00eancia P\u00fablicaRespeitando o princ\u00edpio da transpar\u00eancia, o GREMIO REC ESC DE SAMBA ESTACAO PRIMEIRA DE MANGUEIRA disponibiliza aqui seus relat\u00f3rios anuais de atividades e de contas, al\u00e9m dos dados de suas parcerias com os poderes p\u00fablicos (via editais ou emendas parlamentares) e empresas privadas.Clique nos bot\u00f5es abaixo para ter acesso aos conte\u00fados. Versalic &#8211; Cultura Portal da Transpar\u00eancia TransfereGov<\/p>\n","category_list":"","author_info":{"name":"admin.mangueira","url":"https:\/\/mangueira.com.br\/site\/author\/admin-mangueira\/"},"comments_num":"0 coment\u00e1rio","yoast_head":"<!-- This site is optimized with the Yoast SEO plugin v26.7 - https:\/\/yoast.com\/wordpress\/plugins\/seo\/ -->\n<title>TRANSPAR\u00caNCIA P\u00daBLICA - Mangueira<\/title>\n<meta name=\"robots\" content=\"index, follow, max-snippet:-1, max-image-preview:large, max-video-preview:-1\" \/>\n<link rel=\"canonical\" href=\"https:\/\/mangueira.com.br\/site\/transparencia-publica\/\" \/>\n<meta property=\"og:locale\" content=\"pt_BR\" \/>\n<meta property=\"og:type\" content=\"article\" \/>\n<meta property=\"og:title\" content=\"TRANSPAR\u00caNCIA P\u00daBLICA - Mangueira\" \/>\n<meta property=\"og:description\" content=\"Transpar\u00eancia P\u00fablica Respeitando o princ\u00edpio da transpar\u00eancia, o GREMIO REC ESC DE SAMBA ESTACAO PRIMEIRA DE MANGUEIRA disponibiliza aqui seus relat\u00f3rios anuais de atividades e de contas, al\u00e9m dos dados de suas parcerias com os poderes p\u00fablicos (via editais ou emendas parlamentares) e empresas privadas. Clique nos bot\u00f5es abaixo para ter acesso aos conte\u00fados. Versalic &#8211; Cultura Portal da Transpar\u00eancia TransfereGov\" \/>\n<meta property=\"og:url\" content=\"https:\/\/mangueira.com.br\/site\/transparencia-publica\/\" \/>\n<meta property=\"og:site_name\" content=\"Mangueira\" \/>\n<meta property=\"article:publisher\" content=\"https:\/\/facebook.com\/GRESEPMangueira\" \/>\n<meta property=\"article:modified_time\" content=\"2024-12-27T02:21:45+00:00\" \/>\n<meta property=\"og:image\" content=\"https:\/\/mangueira.com.br\/site\/wp-content\/uploads\/2021\/03\/NOT_01.jpg\" \/>\n\t<meta property=\"og:image:width\" content=\"350\" \/>\n\t<meta property=\"og:image:height\" content=\"466\" \/>\n\t<meta property=\"og:image:type\" content=\"image\/jpeg\" \/>\n<meta name=\"twitter:card\" content=\"summary_large_image\" \/>\n<meta name=\"twitter:site\" content=\"@gresmangueira\" \/>\n<script type=\"application\/ld+json\" class=\"yoast-schema-graph\">{\"@context\":\"https:\/\/schema.org\",\"@graph\":[{\"@type\":\"WebPage\",\"@id\":\"https:\/\/mangueira.com.br\/site\/transparencia-publica\/\",\"url\":\"https:\/\/mangueira.com.br\/site\/transparencia-publica\/\",\"name\":\"TRANSPAR\u00caNCIA P\u00daBLICA - Mangueira\",\"isPartOf\":{\"@id\":\"https:\/\/mangueira.com.br\/site\/#website\"},\"primaryImageOfPage\":{\"@id\":\"https:\/\/mangueira.com.br\/site\/transparencia-publica\/#primaryimage\"},\"image\":{\"@id\":\"https:\/\/mangueira.com.br\/site\/transparencia-publica\/#primaryimage\"},\"thumbnailUrl\":\"https:\/\/mangueira.com.br\/site\/wp-content\/uploads\/2021\/03\/NOT_01-225x300.jpg\",\"datePublished\":\"2024-12-27T01:51:05+00:00\",\"dateModified\":\"2024-12-27T02:21:45+00:00\",\"breadcrumb\":{\"@id\":\"https:\/\/mangueira.com.br\/site\/transparencia-publica\/#breadcrumb\"},\"inLanguage\":\"pt-BR\",\"potentialAction\":[{\"@type\":\"ReadAction\",\"target\":[\"https:\/\/mangueira.com.br\/site\/transparencia-publica\/\"]}]},{\"@type\":\"ImageObject\",\"inLanguage\":\"pt-BR\",\"@id\":\"https:\/\/mangueira.com.br\/site\/transparencia-publica\/#primaryimage\",\"url\":\"https:\/\/mangueira.com.br\/site\/wp-content\/uploads\/2021\/03\/NOT_01.jpg\",\"contentUrl\":\"https:\/\/mangueira.com.br\/site\/wp-content\/uploads\/2021\/03\/NOT_01.jpg\",\"width\":350,\"height\":466},{\"@type\":\"BreadcrumbList\",\"@id\":\"https:\/\/mangueira.com.br\/site\/transparencia-publica\/#breadcrumb\",\"itemListElement\":[{\"@type\":\"ListItem\",\"position\":1,\"name\":\"In\u00edcio\",\"item\":\"https:\/\/mangueira.com.br\/site\/\"},{\"@type\":\"ListItem\",\"position\":2,\"name\":\"TRANSPAR\u00caNCIA P\u00daBLICA\"}]},{\"@type\":\"WebSite\",\"@id\":\"https:\/\/mangueira.com.br\/site\/#website\",\"url\":\"https:\/\/mangueira.com.br\/site\/\",\"name\":\"Mangueira\",\"description\":\"A Maior Escola de Samba do Planeta\",\"publisher\":{\"@id\":\"https:\/\/mangueira.com.br\/site\/#organization\"},\"potentialAction\":[{\"@type\":\"SearchAction\",\"target\":{\"@type\":\"EntryPoint\",\"urlTemplate\":\"https:\/\/mangueira.com.br\/site\/?s={search_term_string}\"},\"query-input\":{\"@type\":\"PropertyValueSpecification\",\"valueRequired\":true,\"valueName\":\"search_term_string\"}}],\"inLanguage\":\"pt-BR\"},{\"@type\":\"Organization\",\"@id\":\"https:\/\/mangueira.com.br\/site\/#organization\",\"name\":\"Mangueira\",\"url\":\"https:\/\/mangueira.com.br\/site\/\",\"logo\":{\"@type\":\"ImageObject\",\"inLanguage\":\"pt-BR\",\"@id\":\"https:\/\/mangueira.com.br\/site\/#\/schema\/logo\/image\/\",\"url\":\"https:\/\/mangueira.com.br\/site\/wp-content\/uploads\/2021\/03\/mangueira-logo-BrancoBrancoPeq-1.png\",\"contentUrl\":\"https:\/\/mangueira.com.br\/site\/wp-content\/uploads\/2021\/03\/mangueira-logo-BrancoBrancoPeq-1.png\",\"width\":350,\"height\":415,\"caption\":\"Mangueira\"},\"image\":{\"@id\":\"https:\/\/mangueira.com.br\/site\/#\/schema\/logo\/image\/\"},\"sameAs\":[\"https:\/\/facebook.com\/GRESEPMangueira\",\"https:\/\/x.com\/gresmangueira\",\"https:\/\/www.instagram.com\/mangueira_oficial\",\"https:\/\/www.youtube.com\/c\/estacaoprimeirademangueira\"]}]}<\/script>\n<!-- \/ Yoast SEO plugin. -->","yoast_head_json":{"title":"TRANSPAR\u00caNCIA P\u00daBLICA - Mangueira","robots":{"index":"index","follow":"follow","max-snippet":"max-snippet:-1","max-image-preview":"max-image-preview:large","max-video-preview":"max-video-preview:-1"},"canonical":"https:\/\/mangueira.com.br\/site\/transparencia-publica\/","og_locale":"pt_BR","og_type":"article","og_title":"TRANSPAR\u00caNCIA P\u00daBLICA - Mangueira","og_description":"Transpar\u00eancia P\u00fablica Respeitando o princ\u00edpio da transpar\u00eancia, o GREMIO REC ESC DE SAMBA ESTACAO PRIMEIRA DE MANGUEIRA disponibiliza aqui seus relat\u00f3rios anuais de atividades e de contas, al\u00e9m dos dados de suas parcerias com os poderes p\u00fablicos (via editais ou emendas parlamentares) e empresas privadas. Clique nos bot\u00f5es abaixo para ter acesso aos conte\u00fados. Versalic &#8211; Cultura Portal da Transpar\u00eancia TransfereGov","og_url":"https:\/\/mangueira.com.br\/site\/transparencia-publica\/","og_site_name":"Mangueira","article_publisher":"https:\/\/facebook.com\/GRESEPMangueira","article_modified_time":"2024-12-27T02:21:45+00:00","og_image":[{"width":350,"height":466,"url":"https:\/\/mangueira.com.br\/site\/wp-content\/uploads\/2021\/03\/NOT_01.jpg","type":"image\/jpeg"}],"twitter_card":"summary_large_image","twitter_site":"@gresmangueira","schema":{"@context":"https:\/\/schema.org","@graph":[{"@type":"WebPage","@id":"https:\/\/mangueira.com.br\/site\/transparencia-publica\/","url":"https:\/\/mangueira.com.br\/site\/transparencia-publica\/","name":"TRANSPAR\u00caNCIA P\u00daBLICA - Mangueira","isPartOf":{"@id":"https:\/\/mangueira.com.br\/site\/#website"},"primaryImageOfPage":{"@id":"https:\/\/mangueira.com.br\/site\/transparencia-publica\/#primaryimage"},"image":{"@id":"https:\/\/mangueira.com.br\/site\/transparencia-publica\/#primaryimage"},"thumbnailUrl":"https:\/\/mangueira.com.br\/site\/wp-content\/uploads\/2021\/03\/NOT_01-225x300.jpg","datePublished":"2024-12-27T01:51:05+00:00","dateModified":"2024-12-27T02:21:45+00:00","breadcrumb":{"@id":"https:\/\/mangueira.com.br\/site\/transparencia-publica\/#breadcrumb"},"inLanguage":"pt-BR","potentialAction":[{"@type":"ReadAction","target":["https:\/\/mangueira.com.br\/site\/transparencia-publica\/"]}]},{"@type":"ImageObject","inLanguage":"pt-BR","@id":"https:\/\/mangueira.com.br\/site\/transparencia-publica\/#primaryimage","url":"https:\/\/mangueira.com.br\/site\/wp-content\/uploads\/2021\/03\/NOT_01.jpg","contentUrl":"https:\/\/mangueira.com.br\/site\/wp-content\/uploads\/2021\/03\/NOT_01.jpg","width":350,"height":466},{"@type":"BreadcrumbList","@id":"https:\/\/mangueira.com.br\/site\/transparencia-publica\/#breadcrumb","itemListElement":[{"@type":"ListItem","position":1,"name":"In\u00edcio","item":"https:\/\/mangueira.com.br\/site\/"},{"@type":"ListItem","position":2,"name":"TRANSPAR\u00caNCIA P\u00daBLICA"}]},{"@type":"WebSite","@id":"https:\/\/mangueira.com.br\/site\/#website","url":"https:\/\/mangueira.com.br\/site\/","name":"Mangueira","description":"A Maior Escola de Samba do Planeta","publisher":{"@id":"https:\/\/mangueira.com.br\/site\/#organization"},"potentialAction":[{"@type":"SearchAction","target":{"@type":"EntryPoint","urlTemplate":"https:\/\/mangueira.com.br\/site\/?s={search_term_string}"},"query-input":{"@type":"PropertyValueSpecification","valueRequired":true,"valueName":"search_term_string"}}],"inLanguage":"pt-BR"},{"@type":"Organization","@id":"https:\/\/mangueira.com.br\/site\/#organization","name":"Mangueira","url":"https:\/\/mangueira.com.br\/site\/","logo":{"@type":"ImageObject","inLanguage":"pt-BR","@id":"https:\/\/mangueira.com.br\/site\/#\/schema\/logo\/image\/","url":"https:\/\/mangueira.com.br\/site\/wp-content\/uploads\/2021\/03\/mangueira-logo-BrancoBrancoPeq-1.png","contentUrl":"https:\/\/mangueira.com.br\/site\/wp-content\/uploads\/2021\/03\/mangueira-logo-BrancoBrancoPeq-1.png","width":350,"height":415,"caption":"Mangueira"},"image":{"@id":"https:\/\/mangueira.com.br\/site\/#\/schema\/logo\/image\/"},"sameAs":["https:\/\/facebook.com\/GRESEPMangueira","https:\/\/x.com\/gresmangueira","https:\/\/www.instagram.com\/mangueira_oficial","https:\/\/www.youtube.com\/c\/estacaoprimeirademangueira"]}]}},"uagb_featured_image_src":{"full":false,"thumbnail":false,"medium":false,"medium_large":false,"large":false,"1536x1536":false,"2048x2048":false},"uagb_author_info":{"display_name":"admin.mangueira","author_link":"https:\/\/mangueira.com.br\/site\/author\/admin-mangueira\/"},"uagb_comment_info":0,"uagb_excerpt":"Transpar\u00eancia P\u00fablica Respeitando o princ\u00edpio da transpar\u00eancia, o GREMIO REC ESC DE SAMBA ESTACAO PRIMEIRA DE MANGUEIRA disponibiliza aqui seus relat\u00f3rios anuais de atividades e de contas, al\u00e9m dos dados de suas parcerias com os poderes p\u00fablicos (via editais ou emendas parlamentares) e empresas privadas. Clique nos bot\u00f5es abaixo para ter acesso aos conte\u00fados. Versalic&hellip;","_links":{"self":[{"href":"https:\/\/mangueira.com.br\/site\/wp-json\/wp\/v2\/pages\/6459","targetHints":{"allow":["GET"]}}],"collection":[{"href":"https:\/\/mangueira.com.br\/site\/wp-json\/wp\/v2\/pages"}],"about":[{"href":"https:\/\/mangueira.com.br\/site\/wp-json\/wp\/v2\/types\/page"}],"author":[{"embeddable":true,"href":"https:\/\/mangueira.com.br\/site\/wp-json\/wp\/v2\/users\/1"}],"replies":[{"embeddable":true,"href":"https:\/\/mangueira.com.br\/site\/wp-json\/wp\/v2\/comments?post=6459"}],"version-history":[{"count":15,"href":"https:\/\/mangueira.com.br\/site\/wp-json\/wp\/v2\/pages\/6459\/revisions"}],"predecessor-version":[{"id":6476,"href":"https:\/\/mangueira.com.br\/site\/wp-json\/wp\/v2\/pages\/6459\/revisions\/6476"}],"wp:attachment":[{"href":"https:\/\/mangueira.com.br\/site\/wp-json\/wp\/v2\/media?parent=6459"}],"curies":[{"name":"wp","href":"https:\/\/api.w.org\/{rel}","templated":true}]}}