{"id":1522,"date":"2021-03-15T21:00:28","date_gmt":"2021-03-16T00:00:28","guid":{"rendered":"http:\/\/mangueira.com.br\/site\/campeonatos-copy-8\/"},"modified":"2023-01-10T12:52:18","modified_gmt":"2023-01-10T14:52:18","slug":"estatuto-social","status":"publish","type":"page","link":"https:\/\/mangueira.com.br\/site\/estatuto-social\/","title":{"rendered":"ESTATUTO SOCIAL"},"content":{"rendered":"\t\t<div data-elementor-type=\"wp-page\" data-elementor-id=\"1522\" class=\"elementor elementor-1522\">\n\t\t\t\t\t\t<section class=\"elementor-section elementor-top-section elementor-element elementor-element-929fb80 ct-section-stretched elementor-section-content-top ct-columns-alignment-fix elementor-section-full_width elementor-section-height-default elementor-section-height-default\" data-id=\"929fb80\" data-element_type=\"section\">\n\t\t\t\t\t\t<div class=\"elementor-container elementor-column-gap-default\">\n\t\t\t\t\t<div class=\"elementor-column elementor-col-100 elementor-top-column elementor-element elementor-element-7ed69b9c\" data-id=\"7ed69b9c\" data-element_type=\"column\">\n\t\t\t<div class=\"elementor-widget-wrap elementor-element-populated\">\n\t\t\t\t\t\t<div class=\"elementor-element elementor-element-ec6868c elementor-widget elementor-widget-spacer\" data-id=\"ec6868c\" data-element_type=\"widget\" data-widget_type=\"spacer.default\">\n\t\t\t\t<div class=\"elementor-widget-container\">\n\t\t\t\t\t\t\t<div class=\"elementor-spacer\">\n\t\t\t<div class=\"elementor-spacer-inner\"><\/div>\n\t\t<\/div>\n\t\t\t\t\t\t<\/div>\n\t\t\t\t<\/div>\n\t\t\t\t\t<\/div>\n\t\t<\/div>\n\t\t\t\t\t<\/div>\n\t\t<\/section>\n\t\t\t\t<section class=\"elementor-section elementor-top-section elementor-element elementor-element-630e1de ct-section-stretched elementor-section-content-top ct-columns-alignment-fix elementor-section-boxed elementor-section-height-default elementor-section-height-default\" data-id=\"630e1de\" data-element_type=\"section\" data-settings=\"{&quot;background_background&quot;:&quot;classic&quot;}\">\n\t\t\t\t\t\t<div class=\"elementor-container elementor-column-gap-default\">\n\t\t\t\t\t<div class=\"elementor-column elementor-col-100 elementor-top-column elementor-element elementor-element-bf76614\" data-id=\"bf76614\" data-element_type=\"column\">\n\t\t\t<div class=\"elementor-widget-wrap elementor-element-populated\">\n\t\t\t\t\t\t<div class=\"elementor-element elementor-element-7a3adca elementor-widget elementor-widget-image\" data-id=\"7a3adca\" data-element_type=\"widget\" data-widget_type=\"image.default\">\n\t\t\t\t<div class=\"elementor-widget-container\">\n\t\t\t\t\t\t\t\t\t\t\t\t\t\t\t<img fetchpriority=\"high\" decoding=\"async\" width=\"225\" height=\"300\" src=\"https:\/\/mangueira.com.br\/site\/wp-content\/uploads\/2021\/03\/NOT_01-225x300.jpg\" class=\"attachment-medium size-medium wp-image-1676\" alt=\"\" srcset=\"https:\/\/mangueira.com.br\/site\/wp-content\/uploads\/2021\/03\/NOT_01-225x300.jpg 225w, https:\/\/mangueira.com.br\/site\/wp-content\/uploads\/2021\/03\/NOT_01.jpg 350w\" sizes=\"(max-width: 225px) 100vw, 225px\" \/>\t\t\t\t\t\t\t\t\t\t\t\t\t\t\t<\/div>\n\t\t\t\t<\/div>\n\t\t\t\t<div class=\"elementor-element elementor-element-b3049f6 elementor-widget elementor-widget-text-editor\" data-id=\"b3049f6\" data-element_type=\"widget\" data-widget_type=\"text-editor.default\">\n\t\t\t\t<div class=\"elementor-widget-container\">\n\t\t\t\t\t\t\t\t\t<p><b>Nome: <\/b>G.R.E.S Esta\u00e7\u00e3o Primeira de Mangueira<\/p>\n<p><strong>Funda\u00e7\u00e3o:<\/strong> 28\/04\/1928<\/p>\n<p><b>Cores:<\/b> Verde e Rosa<\/p>\n<p><b style=\"font-size: inherit; text-align: inherit; background-color: var( --e-global-color-e8a522e ); color: var(--color); font-family: var(--fontFamily); font-style: var(--fontStyle, inherit); letter-spacing: var(--letterSpacing); text-transform: var(--textTransform);\">Presidente:<\/b><span style=\"font-size: inherit; text-align: inherit; background-color: var( --e-global-color-e8a522e ); color: var(--color); font-family: var(--fontFamily); font-style: var(--fontStyle, inherit); font-weight: var(--fontWeight); letter-spacing: var(--letterSpacing); text-transform: var(--textTransform);\"> Guanayra Firmino<\/span><\/p>\n<p><b>Vice-presidente:<\/b> Moacyr Barreto<\/p>\n<p><b>Quadra:<\/b> Rua Visconde de Niter\u00f3i, 1072 &#8211; Mangueira &#8211; Rio de Janeiro &#8211; RJ &#8211; Cep: 20943-001 &#8211; Tel.: (21) 2567-4637<br><b>Barrac\u00e3o &#8211; Cidade do Samba:<\/b> Rua Rivad\u00e1via Corr\u00eaa, 60 &#8211; Bc-13 &#8211; Gamboa &#8211; Rio de Janeiro &#8211; RJ &#8211; Cep: 20220-290&nbsp;<br><b>Vila Ol\u00edmpica:<\/b> Rua Santos Mello, 73 \u2013 S. Francisco Xavier &#8211; Rio de Janeiro &#8211; RJ &#8211; CEP 20960-030&nbsp;<\/p>\n<p><\/p>\t\t\t\t\t\t\t\t<\/div>\n\t\t\t\t<\/div>\n\t\t\t\t<div class=\"elementor-element elementor-element-b876083 elementor-align-center elementor-widget elementor-widget-button\" data-id=\"b876083\" data-element_type=\"widget\" data-widget_type=\"button.default\">\n\t\t\t\t<div class=\"elementor-widget-container\">\n\t\t\t\t\t\t\t\t\t<div class=\"elementor-button-wrapper\">\n\t\t\t\t\t<a class=\"elementor-button elementor-button-link elementor-size-lg\" href=\"http:\/\/mangueira.com.br\/download\/ESTATUTOMANGUEIRA.pdf\" target=\"_blank\">\n\t\t\t\t\t\t<span class=\"elementor-button-content-wrapper\">\n\t\t\t\t\t\t<span class=\"elementor-button-icon\">\n\t\t\t\t<i aria-hidden=\"true\" class=\"fas fa-file-download\"><\/i>\t\t\t<\/span>\n\t\t\t\t\t\t\t\t\t<span class=\"elementor-button-text\"> Estatuto Social - PDF<\/span>\n\t\t\t\t\t<\/span>\n\t\t\t\t\t<\/a>\n\t\t\t\t<\/div>\n\t\t\t\t\t\t\t\t<\/div>\n\t\t\t\t<\/div>\n\t\t\t\t\t<\/div>\n\t\t<\/div>\n\t\t\t\t\t<\/div>\n\t\t<\/section>\n\t\t\t\t<\/div>\n\t\t","protected":false},"excerpt":{"rendered":"<p>Nome: G.R.E.S Esta\u00e7\u00e3o Primeira de Mangueira Funda\u00e7\u00e3o: 28\/04\/1928 Cores: Verde e Rosa Presidente: Guanayra Firmino Vice-presidente: Moacyr Barreto Quadra: Rua Visconde de Niter\u00f3i, 1072 &#8211; Mangueira &#8211; Rio de Janeiro &#8211; RJ &#8211; Cep: 20943-001 &#8211; Tel.: (21) 2567-4637Barrac\u00e3o &#8211; Cidade do Samba: Rua Rivad\u00e1via Corr\u00eaa, 60 &#8211; Bc-13 &#8211; Gamboa &#8211; Rio de Janeiro &#8211; RJ &#8211; Cep: 20220-290&nbsp;Vila Ol\u00edmpica: Rua Santos Mello, 73 \u2013 S. Francisco Xavier &#8211; Rio de Janeiro &#8211; RJ &#8211; CEP 20960-030&nbsp; Estatuto Social &#8211; PDF<\/p>\n","protected":false},"author":1,"featured_media":0,"parent":0,"menu_order":0,"comment_status":"closed","ping_status":"closed","template":"","meta":{"footnotes":""},"class_list":["post-1522","page","type-page","status-publish","hentry"],"blocksy_meta":"","featured_image_urls":{"full":"","thumbnail":"","medium":"","medium_large":"","large":"","1536x1536":"","2048x2048":""},"post_excerpt_stackable":"<p>Nome: G.R.E.S Esta\u00e7\u00e3o Primeira de Mangueira Funda\u00e7\u00e3o: 28\/04\/1928 Cores: Verde e Rosa Presidente: Guanayra Firmino Vice-presidente: Moacyr Barreto Quadra: Rua Visconde de Niter\u00f3i, 1072 &#8211; Mangueira &#8211; Rio de Janeiro &#8211; RJ &#8211; Cep: 20943-001 &#8211; Tel.: (21) 2567-4637Barrac\u00e3o &#8211; Cidade do Samba: Rua Rivad\u00e1via Corr\u00eaa, 60 &#8211; Bc-13 &#8211; Gamboa &#8211; Rio de Janeiro &#8211; RJ &#8211; Cep: 20220-290&nbsp;Vila Ol\u00edmpica: Rua Santos Mello, 73 \u2013 S. Francisco Xavier &#8211; Rio de Janeiro &#8211; RJ &#8211; CEP 20960-030&nbsp; Estatuto Social &#8211; PDF<\/p>\n","category_list":"","author_info":{"name":"admin.mangueira","url":"https:\/\/mangueira.com.br\/site\/author\/admin-mangueira\/"},"comments_num":"0 coment\u00e1rio","yoast_head":"<!-- This site is optimized with the Yoast SEO plugin v26.7 - https:\/\/yoast.com\/wordpress\/plugins\/seo\/ -->\n<title>ESTATUTO SOCIAL - Mangueira<\/title>\n<meta name=\"robots\" content=\"index, follow, max-snippet:-1, max-image-preview:large, max-video-preview:-1\" \/>\n<link rel=\"canonical\" href=\"https:\/\/mangueira.com.br\/site\/estatuto-social\/\" \/>\n<meta property=\"og:locale\" content=\"pt_BR\" \/>\n<meta property=\"og:type\" content=\"article\" \/>\n<meta property=\"og:title\" content=\"ESTATUTO SOCIAL - Mangueira\" \/>\n<meta property=\"og:description\" content=\"Nome: G.R.E.S Esta\u00e7\u00e3o Primeira de Mangueira Funda\u00e7\u00e3o: 28\/04\/1928 Cores: Verde e Rosa Presidente: Guanayra Firmino Vice-presidente: Moacyr Barreto Quadra: Rua Visconde de Niter\u00f3i, 1072 &#8211; Mangueira &#8211; Rio de Janeiro &#8211; RJ &#8211; Cep: 20943-001 &#8211; Tel.: (21) 2567-4637Barrac\u00e3o &#8211; Cidade do Samba: Rua Rivad\u00e1via Corr\u00eaa, 60 &#8211; Bc-13 &#8211; Gamboa &#8211; Rio de Janeiro &#8211; RJ &#8211; Cep: 20220-290&nbsp;Vila Ol\u00edmpica: Rua Santos Mello, 73 \u2013 S. Francisco Xavier &#8211; Rio de Janeiro &#8211; RJ &#8211; CEP 20960-030&nbsp; Estatuto Social &#8211; PDF\" \/>\n<meta property=\"og:url\" content=\"https:\/\/mangueira.com.br\/site\/estatuto-social\/\" \/>\n<meta property=\"og:site_name\" content=\"Mangueira\" \/>\n<meta property=\"article:publisher\" content=\"https:\/\/facebook.com\/GRESEPMangueira\" \/>\n<meta property=\"article:modified_time\" content=\"2023-01-10T14:52:18+00:00\" \/>\n<meta property=\"og:image\" content=\"https:\/\/mangueira.com.br\/site\/wp-content\/uploads\/2021\/03\/NOT_01.jpg\" \/>\n\t<meta property=\"og:image:width\" content=\"350\" \/>\n\t<meta property=\"og:image:height\" content=\"466\" \/>\n\t<meta property=\"og:image:type\" content=\"image\/jpeg\" \/>\n<meta name=\"twitter:card\" content=\"summary_large_image\" \/>\n<meta name=\"twitter:site\" content=\"@gresmangueira\" \/>\n<script type=\"application\/ld+json\" class=\"yoast-schema-graph\">{\"@context\":\"https:\/\/schema.org\",\"@graph\":[{\"@type\":\"WebPage\",\"@id\":\"https:\/\/mangueira.com.br\/site\/estatuto-social\/\",\"url\":\"https:\/\/mangueira.com.br\/site\/estatuto-social\/\",\"name\":\"ESTATUTO SOCIAL - Mangueira\",\"isPartOf\":{\"@id\":\"https:\/\/mangueira.com.br\/site\/#website\"},\"primaryImageOfPage\":{\"@id\":\"https:\/\/mangueira.com.br\/site\/estatuto-social\/#primaryimage\"},\"image\":{\"@id\":\"https:\/\/mangueira.com.br\/site\/estatuto-social\/#primaryimage\"},\"thumbnailUrl\":\"https:\/\/mangueira.com.br\/site\/wp-content\/uploads\/2021\/03\/NOT_01-225x300.jpg\",\"datePublished\":\"2021-03-16T00:00:28+00:00\",\"dateModified\":\"2023-01-10T14:52:18+00:00\",\"breadcrumb\":{\"@id\":\"https:\/\/mangueira.com.br\/site\/estatuto-social\/#breadcrumb\"},\"inLanguage\":\"pt-BR\",\"potentialAction\":[{\"@type\":\"ReadAction\",\"target\":[\"https:\/\/mangueira.com.br\/site\/estatuto-social\/\"]}]},{\"@type\":\"ImageObject\",\"inLanguage\":\"pt-BR\",\"@id\":\"https:\/\/mangueira.com.br\/site\/estatuto-social\/#primaryimage\",\"url\":\"https:\/\/mangueira.com.br\/site\/wp-content\/uploads\/2021\/03\/NOT_01.jpg\",\"contentUrl\":\"https:\/\/mangueira.com.br\/site\/wp-content\/uploads\/2021\/03\/NOT_01.jpg\",\"width\":350,\"height\":466},{\"@type\":\"BreadcrumbList\",\"@id\":\"https:\/\/mangueira.com.br\/site\/estatuto-social\/#breadcrumb\",\"itemListElement\":[{\"@type\":\"ListItem\",\"position\":1,\"name\":\"In\u00edcio\",\"item\":\"https:\/\/mangueira.com.br\/site\/\"},{\"@type\":\"ListItem\",\"position\":2,\"name\":\"ESTATUTO SOCIAL\"}]},{\"@type\":\"WebSite\",\"@id\":\"https:\/\/mangueira.com.br\/site\/#website\",\"url\":\"https:\/\/mangueira.com.br\/site\/\",\"name\":\"Mangueira\",\"description\":\"A Maior Escola de Samba do Planeta\",\"publisher\":{\"@id\":\"https:\/\/mangueira.com.br\/site\/#organization\"},\"potentialAction\":[{\"@type\":\"SearchAction\",\"target\":{\"@type\":\"EntryPoint\",\"urlTemplate\":\"https:\/\/mangueira.com.br\/site\/?s={search_term_string}\"},\"query-input\":{\"@type\":\"PropertyValueSpecification\",\"valueRequired\":true,\"valueName\":\"search_term_string\"}}],\"inLanguage\":\"pt-BR\"},{\"@type\":\"Organization\",\"@id\":\"https:\/\/mangueira.com.br\/site\/#organization\",\"name\":\"Mangueira\",\"url\":\"https:\/\/mangueira.com.br\/site\/\",\"logo\":{\"@type\":\"ImageObject\",\"inLanguage\":\"pt-BR\",\"@id\":\"https:\/\/mangueira.com.br\/site\/#\/schema\/logo\/image\/\",\"url\":\"https:\/\/mangueira.com.br\/site\/wp-content\/uploads\/2021\/03\/mangueira-logo-BrancoBrancoPeq-1.png\",\"contentUrl\":\"https:\/\/mangueira.com.br\/site\/wp-content\/uploads\/2021\/03\/mangueira-logo-BrancoBrancoPeq-1.png\",\"width\":350,\"height\":415,\"caption\":\"Mangueira\"},\"image\":{\"@id\":\"https:\/\/mangueira.com.br\/site\/#\/schema\/logo\/image\/\"},\"sameAs\":[\"https:\/\/facebook.com\/GRESEPMangueira\",\"https:\/\/x.com\/gresmangueira\",\"https:\/\/www.instagram.com\/mangueira_oficial\",\"https:\/\/www.youtube.com\/c\/estacaoprimeirademangueira\"]}]}<\/script>\n<!-- \/ Yoast SEO plugin. -->","yoast_head_json":{"title":"ESTATUTO SOCIAL - Mangueira","robots":{"index":"index","follow":"follow","max-snippet":"max-snippet:-1","max-image-preview":"max-image-preview:large","max-video-preview":"max-video-preview:-1"},"canonical":"https:\/\/mangueira.com.br\/site\/estatuto-social\/","og_locale":"pt_BR","og_type":"article","og_title":"ESTATUTO SOCIAL - Mangueira","og_description":"Nome: G.R.E.S Esta\u00e7\u00e3o Primeira de Mangueira Funda\u00e7\u00e3o: 28\/04\/1928 Cores: Verde e Rosa Presidente: Guanayra Firmino Vice-presidente: Moacyr Barreto Quadra: Rua Visconde de Niter\u00f3i, 1072 &#8211; Mangueira &#8211; Rio de Janeiro &#8211; RJ &#8211; Cep: 20943-001 &#8211; Tel.: (21) 2567-4637Barrac\u00e3o &#8211; Cidade do Samba: Rua Rivad\u00e1via Corr\u00eaa, 60 &#8211; Bc-13 &#8211; Gamboa &#8211; Rio de Janeiro &#8211; RJ &#8211; Cep: 20220-290&nbsp;Vila Ol\u00edmpica: Rua Santos Mello, 73 \u2013 S. Francisco Xavier &#8211; Rio de Janeiro &#8211; RJ &#8211; CEP 20960-030&nbsp; Estatuto Social &#8211; PDF","og_url":"https:\/\/mangueira.com.br\/site\/estatuto-social\/","og_site_name":"Mangueira","article_publisher":"https:\/\/facebook.com\/GRESEPMangueira","article_modified_time":"2023-01-10T14:52:18+00:00","og_image":[{"width":350,"height":466,"url":"https:\/\/mangueira.com.br\/site\/wp-content\/uploads\/2021\/03\/NOT_01.jpg","type":"image\/jpeg"}],"twitter_card":"summary_large_image","twitter_site":"@gresmangueira","schema":{"@context":"https:\/\/schema.org","@graph":[{"@type":"WebPage","@id":"https:\/\/mangueira.com.br\/site\/estatuto-social\/","url":"https:\/\/mangueira.com.br\/site\/estatuto-social\/","name":"ESTATUTO SOCIAL - Mangueira","isPartOf":{"@id":"https:\/\/mangueira.com.br\/site\/#website"},"primaryImageOfPage":{"@id":"https:\/\/mangueira.com.br\/site\/estatuto-social\/#primaryimage"},"image":{"@id":"https:\/\/mangueira.com.br\/site\/estatuto-social\/#primaryimage"},"thumbnailUrl":"https:\/\/mangueira.com.br\/site\/wp-content\/uploads\/2021\/03\/NOT_01-225x300.jpg","datePublished":"2021-03-16T00:00:28+00:00","dateModified":"2023-01-10T14:52:18+00:00","breadcrumb":{"@id":"https:\/\/mangueira.com.br\/site\/estatuto-social\/#breadcrumb"},"inLanguage":"pt-BR","potentialAction":[{"@type":"ReadAction","target":["https:\/\/mangueira.com.br\/site\/estatuto-social\/"]}]},{"@type":"ImageObject","inLanguage":"pt-BR","@id":"https:\/\/mangueira.com.br\/site\/estatuto-social\/#primaryimage","url":"https:\/\/mangueira.com.br\/site\/wp-content\/uploads\/2021\/03\/NOT_01.jpg","contentUrl":"https:\/\/mangueira.com.br\/site\/wp-content\/uploads\/2021\/03\/NOT_01.jpg","width":350,"height":466},{"@type":"BreadcrumbList","@id":"https:\/\/mangueira.com.br\/site\/estatuto-social\/#breadcrumb","itemListElement":[{"@type":"ListItem","position":1,"name":"In\u00edcio","item":"https:\/\/mangueira.com.br\/site\/"},{"@type":"ListItem","position":2,"name":"ESTATUTO SOCIAL"}]},{"@type":"WebSite","@id":"https:\/\/mangueira.com.br\/site\/#website","url":"https:\/\/mangueira.com.br\/site\/","name":"Mangueira","description":"A Maior Escola de Samba do Planeta","publisher":{"@id":"https:\/\/mangueira.com.br\/site\/#organization"},"potentialAction":[{"@type":"SearchAction","target":{"@type":"EntryPoint","urlTemplate":"https:\/\/mangueira.com.br\/site\/?s={search_term_string}"},"query-input":{"@type":"PropertyValueSpecification","valueRequired":true,"valueName":"search_term_string"}}],"inLanguage":"pt-BR"},{"@type":"Organization","@id":"https:\/\/mangueira.com.br\/site\/#organization","name":"Mangueira","url":"https:\/\/mangueira.com.br\/site\/","logo":{"@type":"ImageObject","inLanguage":"pt-BR","@id":"https:\/\/mangueira.com.br\/site\/#\/schema\/logo\/image\/","url":"https:\/\/mangueira.com.br\/site\/wp-content\/uploads\/2021\/03\/mangueira-logo-BrancoBrancoPeq-1.png","contentUrl":"https:\/\/mangueira.com.br\/site\/wp-content\/uploads\/2021\/03\/mangueira-logo-BrancoBrancoPeq-1.png","width":350,"height":415,"caption":"Mangueira"},"image":{"@id":"https:\/\/mangueira.com.br\/site\/#\/schema\/logo\/image\/"},"sameAs":["https:\/\/facebook.com\/GRESEPMangueira","https:\/\/x.com\/gresmangueira","https:\/\/www.instagram.com\/mangueira_oficial","https:\/\/www.youtube.com\/c\/estacaoprimeirademangueira"]}]}},"uagb_featured_image_src":{"full":false,"thumbnail":false,"medium":false,"medium_large":false,"large":false,"1536x1536":false,"2048x2048":false},"uagb_author_info":{"display_name":"admin.mangueira","author_link":"https:\/\/mangueira.com.br\/site\/author\/admin-mangueira\/"},"uagb_comment_info":0,"uagb_excerpt":"Nome: G.R.E.S Esta\u00e7\u00e3o Primeira de Mangueira Funda\u00e7\u00e3o: 28\/04\/1928 Cores: Verde e Rosa Presidente: Guanayra Firmino Vice-presidente: Moacyr Barreto Quadra: Rua Visconde de Niter\u00f3i, 1072 &#8211; Mangueira &#8211; Rio de Janeiro &#8211; RJ &#8211; Cep: 20943-001 &#8211; Tel.: (21) 2567-4637Barrac\u00e3o &#8211; Cidade do Samba: Rua Rivad\u00e1via Corr\u00eaa, 60 &#8211; Bc-13 &#8211; Gamboa &#8211; Rio de Janeiro&hellip;","_links":{"self":[{"href":"https:\/\/mangueira.com.br\/site\/wp-json\/wp\/v2\/pages\/1522","targetHints":{"allow":["GET"]}}],"collection":[{"href":"https:\/\/mangueira.com.br\/site\/wp-json\/wp\/v2\/pages"}],"about":[{"href":"https:\/\/mangueira.com.br\/site\/wp-json\/wp\/v2\/types\/page"}],"author":[{"embeddable":true,"href":"https:\/\/mangueira.com.br\/site\/wp-json\/wp\/v2\/users\/1"}],"replies":[{"embeddable":true,"href":"https:\/\/mangueira.com.br\/site\/wp-json\/wp\/v2\/comments?post=1522"}],"version-history":[{"count":16,"href":"https:\/\/mangueira.com.br\/site\/wp-json\/wp\/v2\/pages\/1522\/revisions"}],"predecessor-version":[{"id":4809,"href":"https:\/\/mangueira.com.br\/site\/wp-json\/wp\/v2\/pages\/1522\/revisions\/4809"}],"wp:attachment":[{"href":"https:\/\/mangueira.com.br\/site\/wp-json\/wp\/v2\/media?parent=1522"}],"curies":[{"name":"wp","href":"https:\/\/api.w.org\/{rel}","templated":true}]}}